{"id":1060,"date":"2025-11-04T07:54:07","date_gmt":"2025-11-04T07:54:07","guid":{"rendered":"https:\/\/xp-engineering.de\/?page_id=1060"},"modified":"2026-03-18T07:28:16","modified_gmt":"2026-03-18T06:28:16","slug":"luminovo-connector-fuer-sage-100","status":"publish","type":"page","link":"https:\/\/xp-engineering.de\/index.php\/luminovo-connector-fuer-sage-100\/","title":{"rendered":"Luminovo-Connector f\u00fcr Sage 100"},"content":{"rendered":"<div class=\"et_pb_section_0 et_pb_section et_section_regular et_block_section et_animated\">\n<div class=\"et_pb_row_0 et_pb_row et_pb_row_3-4_1-4 et_block_row et_block_row_3-4_1-4\">\n<div class=\"et_pb_column_0 et_pb_column et_pb_column_3_4 et_block_column et_pb_css_mix_blend_mode_passthrough\">\n<div class=\"et_pb_text_0 et_pb_text et_pb_bg_layout_light et_pb_module et_block_module preset--module--divi-text--6amqlkx5tz\"><div class=\"et_pb_text_inner\"><h1>Sage 100<\/h1>\n<h1>Luminovo Connector<\/h1>\n<\/div><\/div>\n\n<div class=\"et_pb_image_0 et_pb_image et_pb_module et_flex_module\"><a href=\"https:\/\/portal.sage.de\/Appcenter\/Frontend\/Detail?Id=840\"><span class=\"et_pb_image_wrap\"><img loading=\"lazy\" decoding=\"async\" src=\"https:\/\/xp-engineering.de\/wp-content\/uploads\/2026\/02\/Sage-Partner-Badge-Zertifizierte-Partnerloesung-RGB-scaled.png\" title=\"Sage Partner Badge - Zertifizierte Partnerl\u00f6sung\" width=\"2560\" height=\"359\" srcset=\"https:\/\/xp-engineering.de\/wp-content\/uploads\/2026\/02\/Sage-Partner-Badge-Zertifizierte-Partnerloesung-RGB-scaled.png 2560w, https:\/\/xp-engineering.de\/wp-content\/uploads\/2026\/02\/Sage-Partner-Badge-Zertifizierte-Partnerloesung-RGB-1280x180.png 1280w, https:\/\/xp-engineering.de\/wp-content\/uploads\/2026\/02\/Sage-Partner-Badge-Zertifizierte-Partnerloesung-RGB-980x137.png 980w, https:\/\/xp-engineering.de\/wp-content\/uploads\/2026\/02\/Sage-Partner-Badge-Zertifizierte-Partnerloesung-RGB-480x67.png 480w\" sizes=\"(min-width: 0px) and (max-width: 480px) 480px, (min-width: 481px) and (max-width: 980px) 980px, (min-width: 981px) and (max-width: 1280px) 1280px, (min-width: 1281px) 2560px, 100vw\" class=\"wp-image-1193\" \/><\/span><\/a><\/div>\n<\/div>\n\n<div class=\"et_pb_column_1 et_pb_column et_pb_column_1_4 et-last-child et_block_column et_pb_css_mix_blend_mode_passthrough\">\n<div class=\"et_pb_image_1 et_pb_image et_pb_module et_block_module\"><span class=\"et_pb_image_wrap\"><img loading=\"lazy\" decoding=\"async\" src=\"https:\/\/xp-engineering.de\/wp-content\/uploads\/2025\/11\/luminovogold.svg\" width=\"465\" height=\"525\" class=\"wp-image-1065\" title=\"Luminovo Gold-Partner\" alt=\"XProject Engineering ist Luminovo Gold-Partner\" \/><\/span><\/div>\n<\/div>\n<\/div>\n<\/div>\n\n<div class=\"et_pb_section_1 et_pb_section et_section_regular et_block_section\">\n<div class=\"et_pb_row_1 et_pb_row et_block_row\">\n<div class=\"et_pb_column_2 et_pb_column et_pb_column_4_4 et-last-child et_block_column et_pb_css_mix_blend_mode_passthrough\">\n<div class=\"et_pb_text_1 et_pb_text et_pb_bg_layout_light et_pb_module et_block_module preset--module--divi-text--default\"><div class=\"et_pb_text_inner\"><h2>Sie brauchen Ihre Artikel aus Sage 100 in Luminovo?<\/h2>\n<\/div><\/div>\n<\/div>\n<\/div>\n\n<div class=\"et_pb_row_2 et_pb_row et_pb_gutters2 et_block_row\">\n<div class=\"et_pb_column_3 et_pb_column et_pb_column_1_2 et_block_column et_pb_css_mix_blend_mode_passthrough\">\n<div class=\"et_pb_text_2 et_pb_text et_pb_bg_layout_light et_pb_module et_flex_module preset--module--divi-text--default\"><div class=\"et_pb_text_inner\"><p>Unser Luminovo-Connector \u00fcbernimmt alle wichtigen Aufgaben, damit Sie das volle Potenzial von Luminovo in Verbindung mit Sage 100 ausnutzen k\u00f6nnen.<\/p>\n<p>Unter anderem:<\/p>\n<ul>\n<li>T\u00e4glicher Upload des Sage 100 Artikelstamms in Luminovo<\/li>\n<li>Synchronisation des Lagerbestandes zwischen Luminovo und Sage 100<\/li>\n<li>Unterst\u00fctzung mehrerer Datenbanken und Mandanten<\/li>\n<li>Auswahl der Synchronisierungszeitr\u00e4ume<\/li>\n<\/ul>\n<\/div><\/div>\n<\/div>\n\n<div class=\"et_pb_column_4 et_pb_column et_pb_column_1_2 et-last-child et_block_column et_pb_css_mix_blend_mode_passthrough\">\n<div class=\"et_pb_image_2 et_pb_image et_pb_module et_block_module\"><a href=\"https:\/\/xp-engineering.de\/wp-content\/uploads\/2026\/02\/XPE_LuminovoConnector03.png\" class=\"et_pb_lightbox_image\" alt=\"Screenshot des Sage 100 Luminovo-Connectors von XProject Engineering (XPE)\"><span class=\"et_pb_image_wrap\"><img loading=\"lazy\" decoding=\"async\" src=\"https:\/\/xp-engineering.de\/wp-content\/uploads\/2026\/02\/XPE_LuminovoConnector03.png\" title=\"XPE_LuminovoConnector03\" width=\"780\" height=\"537\" srcset=\"https:\/\/xp-engineering.de\/wp-content\/uploads\/2026\/02\/XPE_LuminovoConnector03.png 780w, https:\/\/xp-engineering.de\/wp-content\/uploads\/2026\/02\/XPE_LuminovoConnector03-480x330.png 480w\" sizes=\"(min-width: 0px) and (max-width: 480px) 480px, (min-width: 481px) 780px, 100vw\" class=\"wp-image-1186\" alt=\"Screenshot des Sage 100 Luminovo-Connectors von XProject Engineering (XPE)\" \/><\/span><\/a><\/div>\n\n<div class=\"et_pb_text_3 et_pb_text et_pb_bg_layout_light et_pb_module et_block_module preset--module--divi-text--default\"><div class=\"et_pb_text_inner\"><p>Benutzeroberfl\u00e4che des Sage 100 Luminovo-Connectors<\/p>\n<\/div><\/div>\n<\/div>\n<\/div>\n<\/div>\n\n<div class=\"et_pb_section_2 et_pb_section et_section_regular et_block_section section_has_divider et_pb_bottom_divider\">\n<div class=\"et_pb_row_3 et_pb_row et_flex_row\">\n<div class=\"et_pb_column_5 et_pb_column et-last-child et_flex_column et_pb_css_mix_blend_mode_passthrough et_flex_column_24_24 et_flex_column_24_24_tablet et_flex_column_24_24_phone\">\n<div class=\"et_pb_text_4 et_pb_text et_pb_bg_layout_light et_pb_module et_block_module preset--module--divi-text--default\"><div class=\"et_pb_text_inner\"><h2>Voll konfigurierbar \u2013 mit flexiblem Artikelstamm<\/h2>\n<\/div><\/div>\n\n<div class=\"et_pb_text_5 et_pb_text et_pb_bg_layout_light et_pb_module et_block_module preset--module--divi-text--default\"><div class=\"et_pb_text_inner\"><p>Sie besitzen Artikel in Ihrem Artikelstamm, die Sie nicht in Luminovo hochladen wollen? Kein Problem!<\/p>\n<p>Unsere Schnittstelle \u00fcbernimmt:<\/p>\n<ul>\n<li>Die Filterung Ihres Artikelstamms auf den von Ihnen definierten Kriterien<\/li>\n<li>Einrichtung Ihrer Datenbanken und Mandanten<\/li>\n<li>Hilfestellung bei der Beschaffung von Luminovo API-Keys<\/li>\n<\/ul>\n<\/div><\/div>\n\n<div class=\"et_pb_image_3 et_pb_image et_pb_module et_flex_module\"><a href=\"https:\/\/xp-engineering.de\/wp-content\/uploads\/2026\/02\/XPE_LuminovoConnector04.png\" class=\"et_pb_lightbox_image\"><span class=\"et_pb_image_wrap\"><img loading=\"lazy\" decoding=\"async\" src=\"https:\/\/xp-engineering.de\/wp-content\/uploads\/2026\/02\/XPE_LuminovoConnector04.png\" title=\"XPE_LuminovoConnector04\" width=\"782\" height=\"542\" srcset=\"https:\/\/xp-engineering.de\/wp-content\/uploads\/2026\/02\/XPE_LuminovoConnector04.png 782w, https:\/\/xp-engineering.de\/wp-content\/uploads\/2026\/02\/XPE_LuminovoConnector04-480x333.png 480w\" sizes=\"(min-width: 0px) and (max-width: 480px) 480px, (min-width: 481px) 782px, 100vw\" class=\"wp-image-1185\" \/><\/span><\/a><\/div>\n\n<div class=\"et_pb_text_6 et_pb_text et_pb_bg_layout_light et_pb_module et_flex_module preset--module--divi-text--default\"><div class=\"et_pb_text_inner\"><p>\u00dcber die benutzerdefinierten Token k\u00f6nnen beispielsweise die hochzuladenden Artikelgruppen definiert werden. Hierbei k\u00f6nnen kundenindividuelle Anforderungen umgesetzt werden.<\/p>\n<\/div><\/div>\n<\/div>\n<\/div>\n<div class=\"et_pb_bottom_inside_divider et-no-transition\"><\/div><\/div>\n\n<div class=\"et_pb_section_3 et_pb_section et_section_regular et_flex_section et_clickable\">\n<div class=\"et_pb_row_4 et_pb_row et_grid_row et_clickable\">\n<div class=\"et_pb_column_6 et_pb_column et_flex_column et_pb_css_mix_blend_mode_passthrough\">\n<div class=\"et_pb_image_4 et_pb_image et_pb_module et_flex_module\"><a href=\"https:\/\/portal.sage.de\/Appcenter\/Frontend\/Detail?Id=840\" target=\"_blank\"><span class=\"et_pb_image_wrap\"><img loading=\"lazy\" decoding=\"async\" src=\"https:\/\/xp-engineering.de\/wp-content\/uploads\/2026\/02\/Sage-Partner-Badge-Zertifizierte-Partnerloesung-Black-scaled.png\" title=\"Sage Partner Badge - Zertifizierte Partnerl\u00f6sung - Black\" width=\"2560\" height=\"359\" srcset=\"https:\/\/xp-engineering.de\/wp-content\/uploads\/2026\/02\/Sage-Partner-Badge-Zertifizierte-Partnerloesung-Black-scaled.png 2560w, https:\/\/xp-engineering.de\/wp-content\/uploads\/2026\/02\/Sage-Partner-Badge-Zertifizierte-Partnerloesung-Black-1280x180.png 1280w, https:\/\/xp-engineering.de\/wp-content\/uploads\/2026\/02\/Sage-Partner-Badge-Zertifizierte-Partnerloesung-Black-980x137.png 980w, https:\/\/xp-engineering.de\/wp-content\/uploads\/2026\/02\/Sage-Partner-Badge-Zertifizierte-Partnerloesung-Black-480x67.png 480w\" sizes=\"(min-width: 0px) and (max-width: 480px) 480px, (min-width: 481px) and (max-width: 980px) 980px, (min-width: 981px) and (max-width: 1280px) 1280px, (min-width: 1281px) 2560px, 100vw\" class=\"wp-image-1192\" \/><\/span><\/a><\/div>\n<\/div>\n\n<div class=\"et_pb_column_7 et_pb_column et-last-child et_flex_column et_pb_css_mix_blend_mode_passthrough\">\n<div class=\"et_pb_text_7 et_pb_text et_pb_bg_layout_light et_clickable et_pb_module et_flex_module preset--module--divi-text--default\"><div class=\"et_pb_text_inner\"><h3><span style=\"color: #3c5895;\">Erweitern Sie Ihre Sage 100 um eine nahtlose Anbindung an Luminovo \u2013 f\u00fcr effizientere Prozesse zwischen ERP und Supply Chain Management.<\/span><\/h3>\n<\/div><\/div>\n<\/div>\n<\/div>\n<\/div>\n\n<div class=\"et_pb_section_4 et_pb_section et_section_regular et_block_section et_animated\">\n<div class=\"et_pb_row_5 et_pb_row et_block_row\">\n<div class=\"et_pb_column_8 et_pb_column et_pb_column_4_4 et-last-child et_block_column et_pb_css_mix_blend_mode_passthrough\">\n<div class=\"et_pb_text_8 et_pb_text et_pb_bg_layout_light et_pb_module et_flex_module preset--module--divi-text--scse27cu0p\"><div class=\"et_pb_text_inner\"><h2>H\u00e4ufig gestellte Fragen<\/h2>\n<\/div><\/div>\n\n<div class=\"et_pb_accordion_0 et_pb_accordion et_pb_module et_flex_module\">\n<div class=\"et_pb_accordion_item_0 et_pb_accordion_item et_pb_toggle et_pb_module et_pb_toggle_open et_flex_module\"><h5 class=\"et_pb_toggle_title\">Kann ich ausw\u00e4hlen, welche Artikel beim Sage 100 Luminovo Connector hochgeladen werden?<\/h5><div class=\"et_pb_toggle_content et_flex_module\"><p>Ja! Sie geben uns eine Liste mit den Artikeln, die Sie in Luminovo (nicht) hochgeladen haben wollen. Das kann im White- oder Blacklistverfahren stattfinden, indem Sie uns eine Liste ein- oder auszuschlie\u00dfender Artikel mitteilen. Wir programmieren die Artikelfilterung f\u00fcr Sie in den Luminovo-Connector hinein, sodass Sie f\u00fcr alle zuk\u00fcnftigen Uploads den korrekten Stamm hochladen.<\/p>\n<\/div><\/div>\n\n<div class=\"et_pb_accordion_item_1 et_pb_accordion_item et_pb_toggle et_pb_module et_pb_toggle_close et_flex_module\"><h5 class=\"et_pb_toggle_title\">Wie viele Artikel kann ich mithilfe des Sage 100 Luminovo Connectors bei Luminovo hochladen?<\/h5><div class=\"et_pb_toggle_content et_flex_module\"><p>Der Sage 100 Luminovo-Connector kann unbegrenzt viele Artikel zu Luminovo hochladen. In der Praxis ist der Luminovo-Connector bei einem Kunden schon mit 30.000 Artikeln im Einsatz. Bitte beachten Sie jedoch, dass eine gro\u00dfe Menge an Artikeln auch an unsauberen Stammdaten liegen k\u00f6nnte. In diesem Fall helfen wir Ihnen gerne dabei, die Stammdaten vorher zu bereinigen.<\/p>\n<\/div><\/div>\n\n<div class=\"et_pb_accordion_item_2 et_pb_accordion_item et_pb_toggle et_pb_module et_pb_toggle_close et_flex_module\"><h5 class=\"et_pb_toggle_title\">Welche Systemvoraussetzungen ben\u00f6tige ich f\u00fcr den Sage 100 Luminovo Connector?<\/h5><div class=\"et_pb_toggle_content et_flex_module\"><p>Da der Sage 100 Luminovo Connector eine Sage 100 Installation ben\u00f6tigt, gelten dieselben Systemvoraussetzung wie f\u00fcr Sage 100. Dabei ist zu beachten, dass der ausgew\u00e4hlte Rechner 24\/7 l\u00e4uft. Au\u00dferdem muss der Dienst einmalig mit Administratorenrechten eingerichtet werden.<\/p>\n<p>\u00a0<\/p>\n<\/div><\/div>\n\n<div class=\"et_pb_accordion_item_3 et_pb_accordion_item et_pb_toggle et_pb_module et_pb_toggle_close et_flex_module\"><h5 class=\"et_pb_toggle_title\">Welche Sage 100 Versionen unterst\u00fctzt der Luminovo Connector?<\/h5><div class=\"et_pb_toggle_content et_flex_module\"><p>Wir empfehlen generell die aktuellste Version der Sage 100 zu verwenden. Der Luminovo Connector unterst\u00fctzt alle Versionen ab der Sage 100 9.0.9.1<\/p>\n<\/div><\/div>\n\n<div class=\"et_pb_accordion_item_4 et_pb_accordion_item et_pb_toggle et_pb_module et_pb_toggle_close et_flex_module\"><h5 class=\"et_pb_toggle_title\">Welche Leistungen sind bei der Bestellung des Sage 100 Luminovo Connectors enthalten?<\/h5><div class=\"et_pb_toggle_content et_flex_module\"><ol>\n<li>Einstellung der korrekten Artikelfilter<\/li>\n<li>Einrichtung des Luminovo Connectors auf Ihren Systemen<\/li>\n<li>Anpassung des Luminovo Connectors auf Ihre Sage Version<\/li>\n<\/ol>\n<p>Durch die monatliche Wartungsgeb\u00fchr erhalten Sie regelm\u00e4\u00dfige Updates des Sage 100 Luminovo Connectors, um auf der aktuellsten Sage 100 Version arbeiten zu k\u00f6nnen.<\/p>\n<\/div><\/div>\n<\/div>\n<\/div>\n<\/div>\n<\/div>\n\n<div class=\"et_pb_section_5 et_pb_section et_section_regular et_block_section\">\n<div class=\"et_pb_row_6 et_pb_row et_flex_row\">\n<div class=\"et_pb_column_9 et_pb_column et_flex_column et_pb_css_mix_blend_mode_passthrough et_flex_column_16_24 et_flex_column_16_24_tablet et_flex_column_24_24_phone\">\n<div class=\"et_pb_text_9 et_pb_text et_pb_bg_layout_light et_pb_module et_block_module preset--module--divi-text--default\"><div class=\"et_pb_text_inner\"><h2>Interesse geweckt?<\/h2>\n<p>Sie m\u00f6chten das beste aus Luminovo herausholen und setzen Sage 100 ein? Wir unterst\u00fctzen Sie von Anfang an, nicht nur mit unserem Luminovo Connector. Wir unterst\u00fctzen Sie dabei, Sage 100 mit Luminovo zu verkn\u00fcpfen und planen Ihr Projekt gemeinsam mit Ihnen!<\/p>\n<\/div><\/div>\n<\/div>\n\n<div class=\"et_pb_column_10 et_pb_column et-last-child et_flex_column et_pb_css_mix_blend_mode_passthrough et_flex_column_8_24 et_flex_column_8_24_tablet et_flex_column_24_24_phone\">\n<div class=\"et_pb_text_10 et_pb_text et_pb_bg_layout_light et_pb_module et_block_module preset--module--divi-text--default\"><div class=\"et_pb_text_inner\"><h2>Preis<\/h2>\n<p>Einmaliger Kaufpreis: 2.799\u20ac<br \/>Monatliche Wartungsgeb\u00fchr: 99\u20ac<\/p>\n<\/div><\/div>\n<\/div>\n<\/div>\n\n<div class=\"et_pb_row_7 et_pb_row et_flex_row\">\n<div class=\"et_pb_column_11 et_pb_column et_flex_column et_pb_css_mix_blend_mode_passthrough et_flex_column_16_24 et_flex_column_16_24_tablet et_flex_column_24_24_phone\">\n<div class=\"et_pb_contact_form_0 et_pb_contact_form_container clearfix et_pb_recaptcha_enabled et_pb_module et_flex_module preset--module--divi-contact-form--default\" data-form_unique_num=\"0\" data-form_unique_id=\"6929205c-f503-45b4-95e1-bb91fe8b99a7\" id=\"et_pb_contact_form_6929205c-f503-45b4-95e1-bb91fe8b99a7\"><div class=\"et-pb-contact-message\"><\/div><div class=\"et_pb_contact\"><form class=\"et_pb_contact_form et_flex_module\" method=\"post\" action=\"https:\/\/xp-engineering.de\/index.php\/wp-json\/wp\/v2\/pages\/1060\">\n<div class=\"et_pb_text_11 et_pb_text et_pb_bg_layout_light et_pb_module et_block_module preset--module--divi-text--default\"><div class=\"et_pb_text_inner\"><h2>Kontakt aufnehmen<\/h2>\n<\/div><\/div>\n\n<div class=\"et_pb_contact_field_0 et_pb_contact_field has-background et_pb_module et_flex_module et_flex_column_24_24 et_flex_column_24_24_tablet et_flex_column_24_24_phone preset--module--divi-contact-field--default\" data-id=\"name\" data-type=\"input\"><label class=\"et_pb_contact_form_label\">Name<\/label><input type=\"text\" name=\"et_pb_contact_0_name_0\" id=\"et_pb_contact_0_name_0\" class=\"input\" data-required_mark=\"required\" data-field_type=\"input\" data-original_id=\"name\" placeholder=\"Name\" title=\"\" value=\"\" \/><\/div>\n\n<div class=\"et_pb_contact_field_1 et_pb_contact_field has-background et_pb_module et_flex_module et_flex_column_24_24 et_flex_column_24_24_tablet et_flex_column_24_24_phone preset--module--divi-contact-field--default\" data-id=\"company\" data-type=\"input\"><label class=\"et_pb_contact_form_label\">Unternehmen<\/label><input type=\"text\" name=\"et_pb_contact_0_company_1\" id=\"et_pb_contact_0_company_1\" class=\"input\" data-required_mark=\"required\" data-field_type=\"input\" data-original_id=\"company\" placeholder=\"Unternehmen\" title=\"\" value=\"\" \/><\/div>\n\n<div class=\"et_pb_contact_field_2 et_pb_contact_field has-background et_pb_module et_flex_module et_flex_column_24_24 et_flex_column_24_24_tablet et_flex_column_24_24_phone preset--module--divi-contact-field--default\" data-id=\"telefon\" data-type=\"input\"><label class=\"et_pb_contact_form_label\">Telefon<\/label><input type=\"text\" name=\"et_pb_contact_0_telefon_2\" id=\"et_pb_contact_0_telefon_2\" class=\"input\" data-required_mark=\"required\" data-field_type=\"input\" data-original_id=\"telefon\" placeholder=\"Telefon\" title=\"\" value=\"\" \/><\/div>\n\n<div class=\"et_pb_contact_field_3 et_pb_contact_field has-background et_pb_module et_flex_module et_flex_column_24_24 et_flex_column_24_24_tablet et_flex_column_24_24_phone preset--module--divi-contact-field--default\" data-id=\"email\" data-type=\"email\"><label class=\"et_pb_contact_form_label\">E-Mail-Adresse<\/label><input type=\"text\" name=\"et_pb_contact_0_email_3\" id=\"et_pb_contact_0_email_3\" class=\"input\" data-required_mark=\"required\" data-field_type=\"email\" data-original_id=\"email\" placeholder=\"E-Mail-Adresse\" title=\"\" value=\"\" \/><\/div>\n\n<div class=\"et_pb_contact_field_4 et_pb_contact_field has-background et_pb_module et_flex_module et_flex_column_24_24 et_flex_column_24_24_tablet et_flex_column_24_24_phone preset--module--divi-contact-field--default\" data-id=\"message\" data-type=\"text\"><label class=\"et_pb_contact_form_label\">Nachricht<\/label><textarea name=\"et_pb_contact_0_message_4\" id=\"et_pb_contact_0_message_4\" class=\"et_pb_contact_message input\" data-required_mark=\"required\" data-field_type=\"text\" data-original_id=\"message\" placeholder=\"Nachricht\"><\/textarea><\/div>\n<input type=\"hidden\" name=\"et_pb_contactform_submit_6929205c-f503-45b4-95e1-bb91fe8b99a7\" value=\"et_contact_proccess\" \/><div class=\"et_contact_bottom_container\"><div class=\"et_pb_button_wrapper\"><button type=\"submit\" name=\"et_builder_submit_button\" class=\"et_pb_button et_pb_contact_submit\" data-icon=\"&amp;\">Anfrage senden<\/button><\/div><\/div><input type=\"hidden\" id=\"_wpnonce-et-pb-contact-form-submitted-6929205c-f503-45b4-95e1-bb91fe8b99a7\" name=\"_wpnonce-et-pb-contact-form-submitted-6929205c-f503-45b4-95e1-bb91fe8b99a7\" value=\"c581af10ba\" \/><input type=\"hidden\" name=\"_wp_http_referer\" value=\"\/index.php\/wp-json\/wp\/v2\/pages\/1060\" \/><\/form><\/div><\/div>\n<\/div>\n\n<div class=\"et_pb_column_12 et_pb_column et-last-child et_flex_column et_pb_css_mix_blend_mode_passthrough et_flex_column_8_24 et_flex_column_8_24_tablet et_flex_column_24_24_phone\">\n<div class=\"et_pb_image_5 et_pb_image et_pb_module et_block_module\"><span class=\"et_pb_image_wrap\"><img loading=\"lazy\" decoding=\"async\" src=\"https:\/\/xp-engineering.de\/wp-content\/uploads\/2025\/05\/robin-gude-xpe.png\" width=\"718\" height=\"718\" srcset=\"https:\/\/xp-engineering.de\/wp-content\/uploads\/2025\/05\/robin-gude-xpe.png 718w, https:\/\/xp-engineering.de\/wp-content\/uploads\/2025\/05\/robin-gude-xpe-480x480.png 480w\" sizes=\"(min-width: 0px) and (max-width: 480px) 480px, (min-width: 481px) 718px, 100vw\" class=\"wp-image-1027\" title=\"Robin Gude\" alt=\"Portr\u00e4tfoto Robin Gude\" \/><\/span><\/div>\n\n<div class=\"et_pb_text_12 et_pb_text et_pb_bg_layout_light et_pb_module et_block_module preset--module--divi-text--default\"><div class=\"et_pb_text_inner\"><p>Ihr Ansprechpartner: Robin Gude<\/p>\n<p><a href=\"mailto:robin.gude@xp-engineering.de\" title=\"E-Mail an Robin Gude\">robin.gude@xp-engineering.de<\/a><\/p>\n<p><a href=\"tel:+492309951761\" title=\"Telefonnummer Robin Gude\">Tel.: +492309951761<\/a><\/p>\n<\/div><\/div>\n<\/div>\n<\/div>\n<\/div>","protected":false},"excerpt":{"rendered":"<p>Der Sage 100 Luminovo Connector verbindet Ihre Sage 100 mit Luminovo. Sie sind EMS-Dienstleister und ben\u00f6tigen Unterst\u00fctzung bei der Umsetzung? Wir unterst\u00fctzen SIe!<\/p>\n","protected":false},"author":5,"featured_media":0,"parent":0,"menu_order":0,"comment_status":"closed","ping_status":"closed","template":"","meta":{"footnotes":""},"class_list":["post-1060","page","type-page","status-publish","hentry"],"_links":{"self":[{"href":"https:\/\/xp-engineering.de\/index.php\/wp-json\/wp\/v2\/pages\/1060","targetHints":{"allow":["GET"]}}],"collection":[{"href":"https:\/\/xp-engineering.de\/index.php\/wp-json\/wp\/v2\/pages"}],"about":[{"href":"https:\/\/xp-engineering.de\/index.php\/wp-json\/wp\/v2\/types\/page"}],"author":[{"embeddable":true,"href":"https:\/\/xp-engineering.de\/index.php\/wp-json\/wp\/v2\/users\/5"}],"replies":[{"embeddable":true,"href":"https:\/\/xp-engineering.de\/index.php\/wp-json\/wp\/v2\/comments?post=1060"}],"version-history":[{"count":66,"href":"https:\/\/xp-engineering.de\/index.php\/wp-json\/wp\/v2\/pages\/1060\/revisions"}],"predecessor-version":[{"id":1287,"href":"https:\/\/xp-engineering.de\/index.php\/wp-json\/wp\/v2\/pages\/1060\/revisions\/1287"}],"wp:attachment":[{"href":"https:\/\/xp-engineering.de\/index.php\/wp-json\/wp\/v2\/media?parent=1060"}],"curies":[{"name":"wp","href":"https:\/\/api.w.org\/{rel}","templated":true}]}}