{"id":709,"date":"2024-10-09T10:42:39","date_gmt":"2024-10-09T10:42:39","guid":{"rendered":"https:\/\/xp-engineering.de\/?page_id=709"},"modified":"2026-03-13T11:12:23","modified_gmt":"2026-03-13T10:12:23","slug":"startseite","status":"publish","type":"page","link":"https:\/\/xp-engineering.de\/","title":{"rendered":"Startseite"},"content":{"rendered":"<div class=\"et_pb_section_0 et_pb_section et_section_regular et_block_section et_animated\">\n<div class=\"et_pb_row_0 et_pb_row et_block_row\">\n<div class=\"et_pb_column_0 et_pb_column et_pb_column_4_4 et-last-child et_block_column et_pb_css_mix_blend_mode_passthrough\">\n<div class=\"et_pb_text_0 et_pb_text et_pb_bg_layout_light et_pb_module et_block_module preset--module--divi-text--default\"><div class=\"et_pb_text_inner\"><h1>Ihr Spezialist f\u00fcr die Sage 100 Entwicklung!<\/h1>\n<\/div><\/div>\n\n<div class=\"et_pb_image_0 et_pb_image et_pb_module et_block_module\"><span class=\"et_pb_image_wrap\"><img loading=\"lazy\" decoding=\"async\" src=\"https:\/\/xp-engineering.de\/wp-content\/uploads\/2024\/10\/Sage_Partner-Badge_Tech-Partner_Full-Colour_RGB.png\" width=\"1111\" height=\"257\" srcset=\"https:\/\/xp-engineering.de\/wp-content\/uploads\/2024\/10\/Sage_Partner-Badge_Tech-Partner_Full-Colour_RGB.png 1111w, https:\/\/xp-engineering.de\/wp-content\/uploads\/2024\/10\/Sage_Partner-Badge_Tech-Partner_Full-Colour_RGB-980x227.png 980w, https:\/\/xp-engineering.de\/wp-content\/uploads\/2024\/10\/Sage_Partner-Badge_Tech-Partner_Full-Colour_RGB-480x111.png 480w\" sizes=\"(min-width: 0px) and (max-width: 480px) 480px, (min-width: 481px) and (max-width: 980px) 980px, (min-width: 981px) 1111px, 100vw\" class=\"wp-image-722\" title=\"Sage_Partner-Badge_Tech-Partner_Full-Colour_RGB\" \/><\/span><\/div>\n<\/div>\n<\/div>\n<\/div>\n\n<div class=\"et_pb_section_1 et_pb_section et_section_regular et_block_section\">\n<div class=\"et_pb_row_1 et_pb_row et_block_row\">\n<div class=\"et_pb_column_1 et_pb_column et_pb_column_4_4 et-last-child et_block_column et_pb_css_mix_blend_mode_passthrough\">\n<div class=\"et_pb_text_1 et_pb_text et_pb_bg_layout_light et_pb_module et_block_module preset--module--divi-text--default\"><div class=\"et_pb_text_inner\"><h2>Ihr Entwicklungspartner f\u00fcr die Sage 100!<\/h2>\n<p>Unser Team bietet Ihnen einen Rundum-Sorglos-Service in der Sage 100 Entwicklung an.<\/p>\n<\/div><\/div>\n<\/div>\n<\/div>\n\n<div class=\"et_pb_row_2 et_pb_row et_pb_gutters2 et_block_row\">\n<div class=\"et_pb_column_2 et_pb_column et_pb_column_1_3 et_block_column et_pb_css_mix_blend_mode_passthrough\">\n<div class=\"et_pb_blurb_0 et_pb_blurb et_pb_bg_layout_light et_pb_text_align_center et_pb_blurb_position_top et_pb_module et_block_module preset--module--divi-blurb--1a6e2b4f-2e6f-434f-a589-e16c900897ff\"><div class=\"et_pb_blurb_content\"><div class=\"et_pb_main_blurb_image\"><span class=\"et_pb_image_wrap et_pb_only_image_mode_wrap\"><img loading=\"lazy\" decoding=\"async\" src=\"https:\/\/xp-engineering.de\/wp-content\/uploads\/2024\/10\/sage-100-app-designer-3.png\" width=\"256\" height=\"256\" srcset=\"https:\/\/xp-engineering.de\/wp-content\/uploads\/2024\/10\/sage-100-app-designer-3.png 256w, https:\/\/xp-engineering.de\/wp-content\/uploads\/2024\/10\/sage-100-app-designer-3-150x150.png 150w\" sizes=\"(max-width: 256px) 100vw, 256px\" class=\"et-waypoint et_pb_animation_top et_pb_animation_top_tablet et_pb_animation_top_phone wp-image-730\" \/><\/span><\/div><div class=\"et_pb_blurb_container\"><h4 class=\"et_pb_module_header\">AppDesigner<\/h4><div class=\"et_pb_blurb_description\"><p>Der Sage 100 AppDesigner erm\u00f6glicht es uns die Sage-Oberfl\u00e4che nach Ihren W\u00fcnschen zu gestalten. Erweiterungen in der Belegerfassung oder in den Stammdaten beherrschen wir dabei ebenso wie die Gestaltung vollst\u00e4ndiger Module.<\/p>\n<\/div><\/div><\/div><\/div>\n<\/div>\n\n<div class=\"et_pb_column_3 et_pb_column et_pb_column_1_3 et_block_column et_pb_css_mix_blend_mode_passthrough\">\n<div class=\"et_pb_blurb_1 et_pb_blurb et_pb_bg_layout_light et_pb_text_align_center et_pb_blurb_position_top et_pb_module et_block_module preset--module--divi-blurb--1a6e2b4f-2e6f-434f-a589-e16c900897ff\"><div class=\"et_pb_blurb_content\"><div class=\"et_pb_main_blurb_image\"><span class=\"et_pb_image_wrap et_pb_only_image_mode_wrap\"><img loading=\"lazy\" decoding=\"async\" src=\"https:\/\/xp-engineering.de\/wp-content\/uploads\/2024\/10\/sage-100-aufgaben-center-3.png\" width=\"256\" height=\"256\" srcset=\"https:\/\/xp-engineering.de\/wp-content\/uploads\/2024\/10\/sage-100-aufgaben-center-3.png 256w, https:\/\/xp-engineering.de\/wp-content\/uploads\/2024\/10\/sage-100-aufgaben-center-3-150x150.png 150w\" sizes=\"(max-width: 256px) 100vw, 256px\" class=\"et-waypoint et_pb_animation_top et_pb_animation_top_tablet et_pb_animation_top_phone wp-image-731\" \/><\/span><\/div><div class=\"et_pb_blurb_container\"><h4 class=\"et_pb_module_header\">Aufgaben-Center<\/h4><div class=\"et_pb_blurb_description\"><p>Die \u00dcbertragung bestehender Aufgaben-Center L\u00f6sungen \u00fcbernehmen wir gerne f\u00fcr Sie! Gemeinsam analysieren wir die bisherigen Anforderungen und entwickeln anschlie\u00dfend mit updatesicherer Technik eine zukunftsf\u00e4hige Version.<\/p>\n<\/div><\/div><\/div><\/div>\n<\/div>\n\n<div class=\"et_pb_column_4 et_pb_column et_pb_column_1_3 et-last-child et_block_column et_pb_css_mix_blend_mode_passthrough\">\n<div class=\"et_pb_blurb_2 et_pb_blurb et_pb_bg_layout_light et_pb_text_align_center et_pb_blurb_position_top et_pb_module et_block_module preset--module--divi-blurb--1a6e2b4f-2e6f-434f-a589-e16c900897ff\"><div class=\"et_pb_blurb_content\"><div class=\"et_pb_main_blurb_image\"><span class=\"et_pb_image_wrap et_pb_only_image_mode_wrap\"><img loading=\"lazy\" decoding=\"async\" src=\"https:\/\/xp-engineering.de\/wp-content\/uploads\/2024\/10\/sage-100-admin-3.png\" width=\"256\" height=\"256\" srcset=\"https:\/\/xp-engineering.de\/wp-content\/uploads\/2024\/10\/sage-100-admin-3.png 256w, https:\/\/xp-engineering.de\/wp-content\/uploads\/2024\/10\/sage-100-admin-3-150x150.png 150w\" sizes=\"(max-width: 256px) 100vw, 256px\" class=\"et-waypoint et_pb_animation_top et_pb_animation_top_tablet et_pb_animation_top_phone wp-image-729\" \/><\/span><\/div><div class=\"et_pb_blurb_container\"><h4 class=\"et_pb_module_header\">Administrator<\/h4><div class=\"et_pb_blurb_description\"><p>Sie ben\u00f6tigen Hilfe beim Thema Berechtigungen, Datenbanken oder anderen Themen rund um die Sage 100? Wir helfen Ihnen, den Problemen auf den Grund zu gehen.<\/p>\n<\/div><\/div><\/div><\/div>\n<\/div>\n<\/div>\n<\/div>\n\n<div class=\"et_pb_section_2 et_pb_section et_section_regular et_flex_section\">\n<div class=\"et_pb_row_3 et_pb_row et_flex_row\">\n<div class=\"et_pb_column_5 et_pb_column et_flex_column et_pb_css_mix_blend_mode_passthrough et_flex_column_12_24 et_flex_column_12_24_tablet et_flex_column_24_24_phone\">\n<div class=\"et_pb_row_4 et_pb_row et_pb_row_nested et_flex_row\">\n<div class=\"et_pb_column_6 et_pb_column et-last-child et_flex_column et_pb_css_mix_blend_mode_passthrough et_flex_column_24_24 et_flex_column_24_24_tablet et_flex_column_24_24_phone\">\n<div class=\"et_pb_image_1 et_pb_image et_pb_module et_flex_module\"><a href=\"https:\/\/portal.sage.de\/Appcenter\/Frontend\/Detail?Id=840\"><span class=\"et_pb_image_wrap\"><img loading=\"lazy\" decoding=\"async\" src=\"https:\/\/xp-engineering.de\/wp-content\/uploads\/2026\/02\/Sage-Partner-Badge-Zertifizierte-Partnerloesung-RGB-scaled.png\" title=\"Sage Partner Badge - Zertifizierte Partnerl\u00f6sung\" width=\"2560\" height=\"359\" srcset=\"https:\/\/xp-engineering.de\/wp-content\/uploads\/2026\/02\/Sage-Partner-Badge-Zertifizierte-Partnerloesung-RGB-scaled.png 2560w, https:\/\/xp-engineering.de\/wp-content\/uploads\/2026\/02\/Sage-Partner-Badge-Zertifizierte-Partnerloesung-RGB-1280x180.png 1280w, https:\/\/xp-engineering.de\/wp-content\/uploads\/2026\/02\/Sage-Partner-Badge-Zertifizierte-Partnerloesung-RGB-980x137.png 980w, https:\/\/xp-engineering.de\/wp-content\/uploads\/2026\/02\/Sage-Partner-Badge-Zertifizierte-Partnerloesung-RGB-480x67.png 480w\" sizes=\"(min-width: 0px) and (max-width: 480px) 480px, (min-width: 481px) and (max-width: 980px) 980px, (min-width: 981px) and (max-width: 1280px) 1280px, (min-width: 1281px) 2560px, 100vw\" class=\"wp-image-1193\" \/><\/span><\/a><\/div>\n<\/div>\n<\/div>\n\n<div class=\"et_pb_row_5 et_pb_row et_pb_row_nested et_flex_row\">\n<div class=\"et_pb_column_7 et_pb_column et_flex_column et_pb_css_mix_blend_mode_passthrough et_flex_column_12_24 et_flex_column_24_24_tablet et_flex_column_24_24_phone\">\n<div class=\"et_pb_image_2 et_pb_image et_pb_module et_flex_module\"><a href=\"https:\/\/luminovo.com\/de\/\"><span class=\"et_pb_image_wrap\"><img loading=\"lazy\" decoding=\"async\" src=\"https:\/\/xp-engineering.de\/wp-content\/uploads\/2025\/11\/luminovogold.svg\" alt=\"XProject Engineering ist Luminovo Gold-Partner\" title=\"Luminovo Gold-Partner\" width=\"465\" height=\"525\" class=\"wp-image-1065\" \/><\/span><\/a><\/div>\n<\/div>\n\n<div class=\"et_pb_column_8 et_pb_column et-last-child et_flex_column et_pb_css_mix_blend_mode_passthrough et_flex_column_12_24 et_flex_column_24_24_tablet et_flex_column_24_24_phone\">\n<div class=\"et_pb_text_2 et_pb_text et_pb_bg_layout_light et_pb_module et_flex_module preset--module--divi-text--default\"><div class=\"et_pb_text_inner\"><p>Mit unserem Sage100-Luminovo-Connector verbinden Sie ihre Sage 100 nahtlos mit Luminovo \u2013 f\u00fcr effizientere Prozesse und weniger manuellen Aufwand.<\/p>\n<\/div><\/div>\n<\/div>\n<\/div>\n<\/div>\n\n<div class=\"et_pb_column_9 et_pb_column et-last-child et_flex_column et_pb_css_mix_blend_mode_passthrough et_flex_column_12_24 et_flex_column_12_24_tablet et_flex_column_24_24_phone\">\n<div class=\"et_pb_image_3 et_pb_image et_pb_module et_flex_module\"><a href=\"https:\/\/portal.sage.de\/Appcenter\/Frontend\/Detail?Id=840\"><span class=\"et_pb_image_wrap\"><img loading=\"lazy\" decoding=\"async\" src=\"https:\/\/xp-engineering.de\/wp-content\/uploads\/2026\/02\/XPE_LuminovoConnector03.png\" title=\"XPE_LuminovoConnector03\" width=\"780\" height=\"537\" srcset=\"https:\/\/xp-engineering.de\/wp-content\/uploads\/2026\/02\/XPE_LuminovoConnector03.png 780w, https:\/\/xp-engineering.de\/wp-content\/uploads\/2026\/02\/XPE_LuminovoConnector03-480x330.png 480w\" sizes=\"(min-width: 0px) and (max-width: 480px) 480px, (min-width: 481px) 780px, 100vw\" class=\"wp-image-1186\" \/><\/span><\/a><\/div>\n<\/div>\n<\/div>\n<\/div>\n\n<div class=\"et_pb_section_3 et_pb_section et_section_regular et_block_section et_animated\">\n<div class=\"et_pb_row_6 et_pb_row et_block_row\">\n<div class=\"et_pb_column_10 et_pb_column et_pb_column_4_4 et-last-child et_block_column et_pb_css_mix_blend_mode_passthrough\">\n<div class=\"et_pb_text_3 et_pb_text et_pb_bg_layout_dark et_pb_module et_block_module preset--module--divi-text--default\"><div class=\"et_pb_text_inner\"><h2>Ihr Experte in der Elektronikbranche!<\/h2>\n<p><strong>MPN, RoHS, Reach?<\/strong> F\u00fcr andere Fremdw\u00f6rter, f\u00fcr uns Alltag. Wir beraten Sie gerne bei der individuellen Anpassung Ihrer Sage 100, um die speziellen Bed\u00fcrfnisse der Elektronikbranche abzubilden!<\/p>\n<\/div><\/div>\n\n<div class=\"et_pb_module et_pb_button_module_wrapper et_pb_button_0_wrapper preset--module--divi-button--default_wrapper\"><a class=\"et_pb_button_0 et_pb_button et_pb_bg_layout_light et_pb_module et_block_module preset--module--divi-button--default\" href=\"https:\/\/xp-engineering.de\/index.php\/ihr-sage-partner-fuer-die-elektronikbranche\/\" data-icon=\"&amp;\">Sie sind Sage 100-Anwender in der Elektronikbranche?<\/a><\/div>\n<\/div>\n<\/div>\n\n<div class=\"et_pb_row_7 et_pb_row et_block_row\">\n<div class=\"et_pb_column_11 et_pb_column et_pb_column_4_4 et-last-child et_block_column et_pb_css_mix_blend_mode_passthrough\">\n<div class=\"et_pb_image_4 et_pb_image et_pb_image_sticky et_pb_module et_block_module\"><span class=\"et_pb_image_wrap\"><img loading=\"lazy\" decoding=\"async\" src=\"https:\/\/xp-engineering.de\/wp-content\/uploads\/2024\/10\/platine-und-verbinder.jpeg\" width=\"2560\" height=\"1440\" srcset=\"https:\/\/xp-engineering.de\/wp-content\/uploads\/2024\/10\/platine-und-verbinder.jpeg 2560w, https:\/\/xp-engineering.de\/wp-content\/uploads\/2024\/10\/platine-und-verbinder-1280x720.jpeg 1280w, https:\/\/xp-engineering.de\/wp-content\/uploads\/2024\/10\/platine-und-verbinder-980x551.jpeg 980w, https:\/\/xp-engineering.de\/wp-content\/uploads\/2024\/10\/platine-und-verbinder-480x270.jpeg 480w\" sizes=\"(min-width: 0px) and (max-width: 480px) 480px, (min-width: 481px) and (max-width: 980px) 980px, (min-width: 981px) and (max-width: 1280px) 1280px, (min-width: 1281px) 2560px, 100vw\" class=\"wp-image-807\" title=\"Platine und Steckverbinder\" alt=\"Platine und Steckverbinder\" \/><\/span><\/div>\n<\/div>\n<\/div>\n<\/div>\n\n<div class=\"et_pb_section_4 et_pb_section et_section_regular et_block_section\" id=\"kontakt\">\n<div class=\"et_pb_row_8 et_pb_row et_block_row\">\n<div class=\"et_pb_column_12 et_pb_column et_pb_column_4_4 et-last-child et_block_column et_pb_css_mix_blend_mode_passthrough\">\n<div class=\"et_pb_text_4 et_pb_text et_pb_bg_layout_light et_pb_module et_block_module preset--module--divi-text--default\"><div class=\"et_pb_text_inner\"><h2>Nehmen Sie mit uns Kontakt auf!<\/h2>\n<p>Wie k\u00f6nnen wir Sie bestm\u00f6glich unterst\u00fctzen? Lassen Sie uns in einem pers\u00f6nlichen Gespr\u00e4ch besprechen, welche M\u00f6glichkeiten es f\u00fcr Sie gibt.<\/p>\n<\/div><\/div>\n\n<div class=\"et_pb_module et_pb_button_module_wrapper et_pb_button_1_wrapper preset--module--divi-button--default_wrapper\"><a class=\"et_pb_button_1 et_pb_button et_pb_bg_layout_light et_pb_module et_block_module preset--module--divi-button--default\" href=\"https:\/\/outlook.office.com\/bookwithme\/user\/0e7bf81600e848bdb335b2bf2566e7b1@xp-engineering.de\/meetingtype\/50crG_pMm02xugrgBFNChg2?bookingcode=022885db-31ed-4ac8-9e36-7000a69d4b62&#038;anonymous&#038;ep=mlink\" target=\"_blank\" data-icon=\"&amp;\">Buchen Sie Ihr Erstgespr\u00e4ch!<\/a><\/div>\n<\/div>\n<\/div>\n\n<div class=\"et_pb_row_9 et_pb_row et_pb_gutters2 et_block_row\"><div class=\"et_pb_column_13 et_pb_column et_pb_column_3_5 et_block_column et_pb_css_mix_blend_mode_passthrough\"><div class=\"et_pb_contact_form_0 et_pb_contact_form_container clearfix et_pb_recaptcha_enabled et_pb_module et_flex_module preset--module--divi-contact-form--default\" data-form_unique_num=\"0\" data-form_unique_id=\"6929205c-f503-45b4-95e1-bb91fe8b99a7\" id=\"et_pb_contact_form_6929205c-f503-45b4-95e1-bb91fe8b99a7\"><div class=\"et-pb-contact-message\"><\/div><div class=\"et_pb_contact\"><form class=\"et_pb_contact_form et_flex_module\" method=\"post\" action=\"https:\/\/xp-engineering.de\/index.php\/wp-json\/wp\/v2\/pages\/709\"><div class=\"et_pb_contact_field_0 et_pb_contact_field has-background et_pb_module et_flex_module et_flex_column_24_24 et_flex_column_24_24_tablet et_flex_column_24_24_phone preset--module--divi-contact-field--default\" data-id=\"name\" data-type=\"input\"><label class=\"et_pb_contact_form_label\">Name<\/label><input type=\"text\" name=\"et_pb_contact_0_name_0\" id=\"et_pb_contact_0_name_0\" class=\"input\" data-required_mark=\"required\" data-field_type=\"input\" data-original_id=\"name\" placeholder=\"Name\" title=\"\" value=\"\" \/><\/div><div class=\"et_pb_contact_field_1 et_pb_contact_field has-background et_pb_module et_flex_module et_flex_column_24_24 et_flex_column_24_24_tablet et_flex_column_24_24_phone preset--module--divi-contact-field--default\" data-id=\"company\" data-type=\"input\"><label class=\"et_pb_contact_form_label\">Unternehmen<\/label><input type=\"text\" name=\"et_pb_contact_0_company_1\" id=\"et_pb_contact_0_company_1\" class=\"input\" data-required_mark=\"required\" data-field_type=\"input\" data-original_id=\"company\" placeholder=\"Unternehmen\" title=\"\" value=\"\" \/><\/div><div class=\"et_pb_contact_field_2 et_pb_contact_field has-background et_pb_module et_flex_module et_flex_column_24_24 et_flex_column_24_24_tablet et_flex_column_24_24_phone preset--module--divi-contact-field--default\" data-id=\"telefon\" data-type=\"input\"><label class=\"et_pb_contact_form_label\">Telefon<\/label><input type=\"text\" name=\"et_pb_contact_0_telefon_2\" id=\"et_pb_contact_0_telefon_2\" class=\"input\" data-required_mark=\"required\" data-field_type=\"input\" data-original_id=\"telefon\" placeholder=\"Telefon\" title=\"\" value=\"\" \/><\/div><div class=\"et_pb_contact_field_3 et_pb_contact_field has-background et_pb_module et_flex_module et_flex_column_24_24 et_flex_column_24_24_tablet et_flex_column_24_24_phone preset--module--divi-contact-field--default\" data-id=\"email\" data-type=\"email\"><label class=\"et_pb_contact_form_label\">E-Mail-Adresse<\/label><input type=\"text\" name=\"et_pb_contact_0_email_3\" id=\"et_pb_contact_0_email_3\" class=\"input\" data-required_mark=\"required\" data-field_type=\"email\" data-original_id=\"email\" placeholder=\"E-Mail-Adresse\" title=\"\" value=\"\" \/><\/div><div class=\"et_pb_contact_field_4 et_pb_contact_field has-background et_pb_module et_flex_module et_flex_column_24_24 et_flex_column_24_24_tablet et_flex_column_24_24_phone preset--module--divi-contact-field--default\" data-id=\"message\" data-type=\"text\"><label class=\"et_pb_contact_form_label\">Nachricht<\/label><textarea name=\"et_pb_contact_0_message_4\" id=\"et_pb_contact_0_message_4\" class=\"et_pb_contact_message input\" data-required_mark=\"required\" data-field_type=\"text\" data-original_id=\"message\" placeholder=\"Nachricht\"><\/textarea><\/div><input type=\"hidden\" name=\"et_pb_contactform_submit_6929205c-f503-45b4-95e1-bb91fe8b99a7\" value=\"et_contact_proccess\" \/><div class=\"et_contact_bottom_container\"><div class=\"et_pb_button_wrapper\"><button type=\"submit\" name=\"et_builder_submit_button\" class=\"et_pb_button et_pb_contact_submit\" data-icon=\"&amp;\">Submit<\/button><\/div><\/div><input type=\"hidden\" id=\"_wpnonce-et-pb-contact-form-submitted-6929205c-f503-45b4-95e1-bb91fe8b99a7\" name=\"_wpnonce-et-pb-contact-form-submitted-6929205c-f503-45b4-95e1-bb91fe8b99a7\" value=\"445ec43913\" \/><input type=\"hidden\" name=\"_wp_http_referer\" value=\"\/index.php\/wp-json\/wp\/v2\/pages\/709\" \/><\/form><\/div><\/div><\/div><div class=\"et_pb_column_14 et_pb_column et_pb_column_2_5 et-last-child et_block_column et_pb_css_mix_blend_mode_passthrough\"><div class=\"et_pb_image_5 et_pb_image et_pb_module et_flex_module\"><span class=\"et_pb_image_wrap\"><img loading=\"lazy\" decoding=\"async\" src=\"https:\/\/xp-engineering.de\/wp-content\/uploads\/2025\/05\/robin-gude-xpe.png\" alt=\"Portr\u00e4tfoto Robin Gude\" title=\"Robin Gude\" width=\"718\" height=\"718\" srcset=\"https:\/\/xp-engineering.de\/wp-content\/uploads\/2025\/05\/robin-gude-xpe.png 718w, https:\/\/xp-engineering.de\/wp-content\/uploads\/2025\/05\/robin-gude-xpe-480x480.png 480w\" sizes=\"(min-width: 0px) and (max-width: 480px) 480px, (min-width: 481px) 718px, 100vw\" class=\"wp-image-1027\" \/><\/span><\/div><div class=\"et_pb_text_5 et_pb_text et_pb_bg_layout_light et_pb_module et_flex_module preset--module--divi-text--default\"><div class=\"et_pb_text_inner\"><p>Ihr Ansprechpartner: Robin Gude<\/p>\n<p><a href=\"mailto:robin.gude@xp-engineering.de\" title=\"E-Mail an Robin Gude\">robin.gude@xp-engineering.de<\/a><\/p>\n<p><a href=\"tel:+492309951761\" title=\"Telefonnummer Robin Gude\">Tel.: +492309951761<\/a><\/p>\n<\/div><\/div><\/div><\/div>\n<\/div>","protected":false},"excerpt":{"rendered":"","protected":false},"author":5,"featured_media":0,"parent":0,"menu_order":0,"comment_status":"closed","ping_status":"closed","template":"","meta":{"footnotes":""},"class_list":["post-709","page","type-page","status-publish","hentry"],"_links":{"self":[{"href":"https:\/\/xp-engineering.de\/index.php\/wp-json\/wp\/v2\/pages\/709","targetHints":{"allow":["GET"]}}],"collection":[{"href":"https:\/\/xp-engineering.de\/index.php\/wp-json\/wp\/v2\/pages"}],"about":[{"href":"https:\/\/xp-engineering.de\/index.php\/wp-json\/wp\/v2\/types\/page"}],"author":[{"embeddable":true,"href":"https:\/\/xp-engineering.de\/index.php\/wp-json\/wp\/v2\/users\/5"}],"replies":[{"embeddable":true,"href":"https:\/\/xp-engineering.de\/index.php\/wp-json\/wp\/v2\/comments?post=709"}],"version-history":[{"count":70,"href":"https:\/\/xp-engineering.de\/index.php\/wp-json\/wp\/v2\/pages\/709\/revisions"}],"predecessor-version":[{"id":1253,"href":"https:\/\/xp-engineering.de\/index.php\/wp-json\/wp\/v2\/pages\/709\/revisions\/1253"}],"wp:attachment":[{"href":"https:\/\/xp-engineering.de\/index.php\/wp-json\/wp\/v2\/media?parent=709"}],"curies":[{"name":"wp","href":"https:\/\/api.w.org\/{rel}","templated":true}]}}