{"id":819,"date":"2024-10-15T08:21:36","date_gmt":"2024-10-15T08:21:36","guid":{"rendered":"https:\/\/xp-engineering.de\/?page_id=819"},"modified":"2025-11-28T14:32:46","modified_gmt":"2025-11-28T13:32:46","slug":"ihr-sage-partner-fuer-die-elektronikbranche","status":"publish","type":"page","link":"https:\/\/xp-engineering.de\/index.php\/ihr-sage-partner-fuer-die-elektronikbranche\/","title":{"rendered":"Ihr Sage-Partner f\u00fcr die Elektronikbranche!"},"content":{"rendered":"<div class=\"et_pb_section_0 et_pb_section et_section_regular et_block_section et_animated\"><div class=\"et_pb_row_0 et_pb_row et_block_row\"><div class=\"et_pb_column_0 et_pb_column et_pb_column_4_4 et-last-child et_block_column et_pb_css_mix_blend_mode_passthrough\"><div class=\"et_pb_text_0 et_pb_text et_pb_bg_layout_light et_pb_module et_flex_module preset--module--divi-text--default\"><div class=\"et_pb_text_inner\"><h1>Ihr Experte in der Elektronikbranche!<\/h1>\n<\/div><\/div><div class=\"et_pb_image_0 et_pb_image et_pb_module et_flex_module\"><span class=\"et_pb_image_wrap\"><img loading=\"lazy\" decoding=\"async\" src=\"https:\/\/xp-engineering.de\/wp-content\/uploads\/2024\/10\/Sage_Partner-Badge_Tech-Partner_Full-Colour_RGB.png\" title=\"Sage_Partner-Badge_Tech-Partner_Full-Colour_RGB\" width=\"1111\" height=\"257\" srcset=\"https:\/\/xp-engineering.de\/wp-content\/uploads\/2024\/10\/Sage_Partner-Badge_Tech-Partner_Full-Colour_RGB.png 1111w, https:\/\/xp-engineering.de\/wp-content\/uploads\/2024\/10\/Sage_Partner-Badge_Tech-Partner_Full-Colour_RGB-980x227.png 980w, https:\/\/xp-engineering.de\/wp-content\/uploads\/2024\/10\/Sage_Partner-Badge_Tech-Partner_Full-Colour_RGB-480x111.png 480w\" sizes=\"(min-width: 0px) and (max-width: 480px) 480px, (min-width: 481px) and (max-width: 980px) 980px, (min-width: 981px) 1111px, 100vw\" class=\"wp-image-722\" \/><\/span><\/div><\/div><\/div><\/div><div class=\"et_pb_section_1 et_pb_section et_section_regular et_block_section\"><div class=\"et_pb_row_1 et_pb_row et_block_row\"><div class=\"et_pb_column_1 et_pb_column et_pb_column_4_4 et-last-child et_block_column et_pb_css_mix_blend_mode_passthrough\"><div class=\"et_pb_text_1 et_pb_text et_pb_bg_layout_light et_pb_module et_flex_module preset--module--divi-text--default\"><div class=\"et_pb_text_inner\"><h2>\u00dcber zwei Jahrzehnte Erfahrung mit Sage 100 und elektronischen Bauteilen!<\/h2>\n<p>Mit <a href=\"https:\/\/rts-electronic.de\">RTS Electronic<\/a> betreuen wir seit \u00fcber 20 Jahren einen gro\u00dfen Industriedienstleister in der Elektronikbranche. Die einzigartigen Anforderungen der Branche sind uns daher bestens bekannt.<\/p>\n<\/div><\/div><\/div><\/div><div class=\"et_pb_row_2 et_pb_row et_pb_gutters2 et_block_row\"><div class=\"et_pb_column_2 et_pb_column et_pb_column_1_3 et_block_column et_pb_css_mix_blend_mode_passthrough\"><div class=\"et_pb_blurb_0 et_pb_blurb et_pb_bg_layout_light et_pb_text_align_center et_pb_blurb_position_top et_pb_module et_flex_module preset--module--divi-blurb--2be69209-d689-4d1d-be5a-1773f5ba43cf\"><div class=\"et_pb_blurb_content et_flex_module\"><div class=\"et_pb_main_blurb_image\"><span class=\"et_pb_image_wrap et_pb_only_image_mode_wrap\"><img loading=\"lazy\" decoding=\"async\" src=\"https:\/\/xp-engineering.de\/wp-content\/uploads\/2024\/10\/addons.webp\" width=\"1024\" height=\"1024\" srcset=\"https:\/\/xp-engineering.de\/wp-content\/uploads\/2024\/10\/addons.webp 1024w, https:\/\/xp-engineering.de\/wp-content\/uploads\/2024\/10\/addons-980x980.webp 980w, https:\/\/xp-engineering.de\/wp-content\/uploads\/2024\/10\/addons-480x480.webp 480w\" sizes=\"(min-width: 0px) and (max-width: 480px) 480px, (min-width: 481px) and (max-width: 980px) 980px, (min-width: 981px) 1024px, 100vw\" class=\"et-waypoint et_pb_animation_top et_pb_animation_top_tablet et_pb_animation_top_phone wp-image-974\" \/><\/span><\/div><div class=\"et_pb_blurb_container\"><h4 class=\"et_pb_module_header\">Erweiterungen<\/h4><div class=\"et_pb_blurb_description\"><p>Ihnen fehlen Informationen in der Sage? Sie ben\u00f6tigen Felder, Listen oder eigene Programmierungen? Wir analysieren gemeinsam Ihre Anforderungen und bauen Ihnen die Erweiterung, die Sie ben\u00f6tigen. Dabei nehmen wir uns Zeit, um ihr Anliegen wirklich zu verstehen. Wir sind \u00fcberzeugt, dass wir Ihnen dadurch einen erheblichen Mehrwert liefern.<\/p>\n<\/div><\/div><\/div><\/div><\/div><div class=\"et_pb_column_3 et_pb_column et_pb_column_1_3 et_block_column et_pb_css_mix_blend_mode_passthrough\"><div class=\"et_pb_blurb_1 et_pb_blurb et_pb_bg_layout_light et_pb_text_align_center et_pb_blurb_position_top et_pb_module et_flex_module preset--module--divi-blurb--2be69209-d689-4d1d-be5a-1773f5ba43cf\"><div class=\"et_pb_blurb_content et_flex_module\"><div class=\"et_pb_main_blurb_image\"><span class=\"et_pb_image_wrap et_pb_only_image_mode_wrap\"><img loading=\"lazy\" decoding=\"async\" src=\"https:\/\/xp-engineering.de\/wp-content\/uploads\/2024\/10\/excel-screenshot-1.png\" width=\"256\" height=\"256\" srcset=\"https:\/\/xp-engineering.de\/wp-content\/uploads\/2024\/10\/excel-screenshot-1.png 256w, https:\/\/xp-engineering.de\/wp-content\/uploads\/2024\/10\/excel-screenshot-1-150x150.png 150w\" sizes=\"(max-width: 256px) 100vw, 256px\" class=\"et-waypoint et_pb_animation_top et_pb_animation_top_tablet et_pb_animation_top_phone wp-image-965\" \/><\/span><\/div><div class=\"et_pb_blurb_container\"><h4 class=\"et_pb_module_header\">Integrationen mit Microsoft Excel<\/h4><div class=\"et_pb_blurb_description\"><p>Das manuelle Ausf\u00fcllen von Hunderten von Zeilen einer Excel-Datei oder das \u00dcbertragen von Inhalten in Sage kostet viele Mitarbeitenden nicht nur Nerven, sondern auch bares Geld. Mit unseren L\u00f6sungen stellen wir Import- und Exportfunktionen in der Sage 100 ganz nach ihren Bed\u00fcrfnissen her, sodass Ihre Mitarbeitenden wieder Zeit f\u00fcr das Wesentliche haben!<\/p>\n<\/div><\/div><\/div><\/div><\/div><div class=\"et_pb_column_4 et_pb_column et_pb_column_1_3 et-last-child et_block_column et_pb_css_mix_blend_mode_passthrough\"><div class=\"et_pb_blurb_2 et_pb_blurb et_pb_bg_layout_light et_pb_text_align_center et_pb_blurb_position_top et_pb_module et_flex_module preset--module--divi-blurb--2be69209-d689-4d1d-be5a-1773f5ba43cf\"><div class=\"et_pb_blurb_content et_flex_module\"><div class=\"et_pb_main_blurb_image\"><span class=\"et_pb_image_wrap et_pb_only_image_mode_wrap\"><img loading=\"lazy\" decoding=\"async\" src=\"https:\/\/xp-engineering.de\/wp-content\/uploads\/2024\/10\/traceability3_background.webp\" width=\"1024\" height=\"1024\" srcset=\"https:\/\/xp-engineering.de\/wp-content\/uploads\/2024\/10\/traceability3_background.webp 1024w, https:\/\/xp-engineering.de\/wp-content\/uploads\/2024\/10\/traceability3_background-980x980.webp 980w, https:\/\/xp-engineering.de\/wp-content\/uploads\/2024\/10\/traceability3_background-480x480.webp 480w\" sizes=\"(min-width: 0px) and (max-width: 480px) 480px, (min-width: 481px) and (max-width: 980px) 980px, (min-width: 981px) 1024px, 100vw\" class=\"et-waypoint et_pb_animation_top et_pb_animation_top_tablet et_pb_animation_top_phone wp-image-973\" \/><\/span><\/div><div class=\"et_pb_blurb_container\"><h4 class=\"et_pb_module_header\">Traceability<\/h4><div class=\"et_pb_blurb_description\"><p>Die Anbindung von Traceability-L\u00f6sungen wie dem <a href=\"https:\/\/www.moditrace.net\/wareneingangsscanner-v5\/\">Wareneingangsscanner<\/a> von MODI Trace ist eine unserer St\u00e4rken. Sie m\u00f6chten Nachverfolgbarkeit \u00fcber Ihren gesamten Prozess gew\u00e4hrleisten? Wir helfen Ihnen von der Konzepterstellung bis zur Umsetzung!<\/p>\n<\/div><\/div><\/div><\/div><\/div><\/div><\/div><div class=\"et_pb_section_2 et_pb_section et_section_regular et_block_section et_animated\"><div class=\"et_pb_row_3 et_pb_row et_block_row\"><div class=\"et_pb_column_5 et_pb_column et_pb_column_4_4 et-last-child et_block_column et_pb_css_mix_blend_mode_passthrough\"><div class=\"et_pb_text_2 et_pb_text et_pb_bg_layout_dark et_pb_module et_flex_module preset--module--divi-text--default\"><div class=\"et_pb_text_inner\"><h2>Ihr Experte in der Elektronikbranche!<\/h2>\n<p><strong>MPN, RoHS, Reach?<\/strong> F\u00fcr andere Fremdw\u00f6rter, f\u00fcr uns Alltag. Wir beraten Sie gerne bei der individuellen Anpassung Ihrer Sage 100, um die speziellen Bed\u00fcrfnisse der Elektronikbranche abzubilden!<\/p>\n<\/div><\/div><div class=\"et_pb_module et_pb_button_module_wrapper et_pb_button_0_wrapper preset--module--divi-button--default_wrapper\"><a class=\"et_pb_button_0 et_pb_button et_pb_bg_layout_light et_pb_module et_flex_module preset--module--divi-button--default\" href=\"https:\/\/xp-engineering.de\/wp-content\/uploads\/2024\/10\/XPE-Produktportfolio.pdf\" data-icon=\"&amp;\">Laden Sie einen Auszug unseres Sage 100 Produktportfolios herunter!<\/a><\/div><\/div><\/div><\/div><div class=\"et_pb_section_3 et_pb_section et_section_regular et_block_section\"><div class=\"et_pb_row_4 et_pb_row et_block_row\"><div class=\"et_pb_column_6 et_pb_column et_pb_column_4_4 et-last-child et_block_column et_pb_css_mix_blend_mode_passthrough\"><div class=\"et_pb_text_3 et_pb_text et_pb_bg_layout_light et_pb_module et_flex_module preset--module--divi-text--default\"><div class=\"et_pb_text_inner\"><h2>Kontaktieren Sie uns!<\/h2>\n<p>Sie m\u00f6chten Ihre Performance mit der Sage 100 verbessern? Wir helfen Ihnen dabei, die bestm\u00f6glichen L\u00f6sungen f\u00fcr Ihr Anliegen zu finden!<\/p>\n<\/div><\/div><\/div><\/div><div class=\"et_pb_row_5 et_pb_row et_pb_gutters2 et_block_row\"><div class=\"et_pb_column_7 et_pb_column et_pb_column_3_5 et_block_column et_pb_css_mix_blend_mode_passthrough\"><div class=\"et_pb_contact_form_0 et_pb_contact_form_container clearfix et_pb_recaptcha_enabled et_pb_module et_flex_module preset--module--divi-contact-form--default\" data-form_unique_num=\"0\" data-form_unique_id=\"6929205c-f503-45b4-95e1-bb91fe8b99a7\" id=\"et_pb_contact_form_6929205c-f503-45b4-95e1-bb91fe8b99a7\"><div class=\"et-pb-contact-message\"><\/div><div class=\"et_pb_contact\"><form class=\"et_pb_contact_form et_flex_module\" method=\"post\" action=\"https:\/\/xp-engineering.de\/index.php\/wp-json\/wp\/v2\/pages\/819\"><div class=\"et_pb_contact_field_0 et_pb_contact_field has-background et_pb_module et_flex_module et_flex_column_24_24 et_flex_column_24_24_tablet et_flex_column_24_24_phone preset--module--divi-contact-field--default\" data-id=\"name\" data-type=\"input\"><label class=\"et_pb_contact_form_label\">Name<\/label><input type=\"text\" name=\"et_pb_contact_0_name_0\" id=\"et_pb_contact_0_name_0\" class=\"input\" data-required_mark=\"required\" data-field_type=\"input\" data-original_id=\"name\" placeholder=\"Name\" title=\"\" value=\"\" \/><\/div><div class=\"et_pb_contact_field_1 et_pb_contact_field has-background et_pb_module et_flex_module et_flex_column_24_24 et_flex_column_24_24_tablet et_flex_column_24_24_phone preset--module--divi-contact-field--default\" data-id=\"company\" data-type=\"input\"><label class=\"et_pb_contact_form_label\">Unternehmen<\/label><input type=\"text\" name=\"et_pb_contact_0_company_1\" id=\"et_pb_contact_0_company_1\" class=\"input\" data-required_mark=\"required\" data-field_type=\"input\" data-original_id=\"company\" placeholder=\"Unternehmen\" title=\"\" value=\"\" \/><\/div><div class=\"et_pb_contact_field_2 et_pb_contact_field has-background et_pb_module et_flex_module et_flex_column_24_24 et_flex_column_24_24_tablet et_flex_column_24_24_phone preset--module--divi-contact-field--default\" data-id=\"telefon\" data-type=\"input\"><label class=\"et_pb_contact_form_label\">Telefon<\/label><input type=\"text\" name=\"et_pb_contact_0_telefon_2\" id=\"et_pb_contact_0_telefon_2\" class=\"input\" data-required_mark=\"required\" data-field_type=\"input\" data-original_id=\"telefon\" placeholder=\"Telefon\" title=\"\" value=\"\" \/><\/div><div class=\"et_pb_contact_field_3 et_pb_contact_field has-background et_pb_module et_flex_module et_flex_column_24_24 et_flex_column_24_24_tablet et_flex_column_24_24_phone preset--module--divi-contact-field--default\" data-id=\"email\" data-type=\"email\"><label class=\"et_pb_contact_form_label\">E-Mail-Adresse<\/label><input type=\"text\" name=\"et_pb_contact_0_email_3\" id=\"et_pb_contact_0_email_3\" class=\"input\" data-required_mark=\"required\" data-field_type=\"email\" data-original_id=\"email\" placeholder=\"E-Mail-Adresse\" title=\"\" value=\"\" \/><\/div><div class=\"et_pb_contact_field_4 et_pb_contact_field has-background et_pb_module et_flex_module et_flex_column_24_24 et_flex_column_24_24_tablet et_flex_column_24_24_phone preset--module--divi-contact-field--default\" data-id=\"message\" data-type=\"text\"><label class=\"et_pb_contact_form_label\">Nachricht<\/label><textarea name=\"et_pb_contact_0_message_4\" id=\"et_pb_contact_0_message_4\" class=\"et_pb_contact_message input\" data-required_mark=\"required\" data-field_type=\"text\" data-original_id=\"message\" placeholder=\"Nachricht\"><\/textarea><\/div><input type=\"hidden\" name=\"et_pb_contactform_submit_6929205c-f503-45b4-95e1-bb91fe8b99a7\" value=\"et_contact_proccess\" \/><div class=\"et_contact_bottom_container\"><div class=\"et_pb_button_wrapper\"><button type=\"submit\" name=\"et_builder_submit_button\" class=\"et_pb_button et_pb_contact_submit\" data-icon=\"&amp;\">Submit<\/button><\/div><\/div><input type=\"hidden\" id=\"_wpnonce-et-pb-contact-form-submitted-6929205c-f503-45b4-95e1-bb91fe8b99a7\" name=\"_wpnonce-et-pb-contact-form-submitted-6929205c-f503-45b4-95e1-bb91fe8b99a7\" value=\"445ec43913\" \/><input type=\"hidden\" name=\"_wp_http_referer\" value=\"\/index.php\/wp-json\/wp\/v2\/pages\/819\" \/><\/form><\/div><\/div><\/div><div class=\"et_pb_column_8 et_pb_column et_pb_column_2_5 et-last-child et_block_column et_pb_css_mix_blend_mode_passthrough\"><div class=\"et_pb_image_1 et_pb_image et_pb_module et_flex_module\"><span class=\"et_pb_image_wrap\"><img loading=\"lazy\" decoding=\"async\" src=\"https:\/\/xp-engineering.de\/wp-content\/uploads\/2025\/05\/robin-gude-xpe.png\" alt=\"Portr\u00e4tfoto Robin Gude\" title=\"Robin Gude\" width=\"718\" height=\"718\" srcset=\"https:\/\/xp-engineering.de\/wp-content\/uploads\/2025\/05\/robin-gude-xpe.png 718w, https:\/\/xp-engineering.de\/wp-content\/uploads\/2025\/05\/robin-gude-xpe-480x480.png 480w\" sizes=\"(min-width: 0px) and (max-width: 480px) 480px, (min-width: 481px) 718px, 100vw\" class=\"wp-image-1027\" \/><\/span><\/div><div class=\"et_pb_text_4 et_pb_text et_pb_bg_layout_light et_pb_module et_flex_module preset--module--divi-text--default\"><div class=\"et_pb_text_inner\"><p>Ihr Ansprechpartner: Robin Gude<\/p>\n<p><a href=\"mailto:robin.gude@xp-engineering.de\" title=\"E-Mail an Robin Gude\">robin.gude@xp-engineering.de<\/a><\/p>\n<p><a href=\"tel:+492309951761\" title=\"Telefonnummer Robin Gude\">Tel.: +492309951761<\/a><\/p>\n<\/div><\/div><\/div><\/div><\/div>","protected":false},"excerpt":{"rendered":"","protected":false},"author":5,"featured_media":0,"parent":0,"menu_order":0,"comment_status":"closed","ping_status":"closed","template":"","meta":{"footnotes":""},"class_list":["post-819","page","type-page","status-publish","hentry"],"_links":{"self":[{"href":"https:\/\/xp-engineering.de\/index.php\/wp-json\/wp\/v2\/pages\/819","targetHints":{"allow":["GET"]}}],"collection":[{"href":"https:\/\/xp-engineering.de\/index.php\/wp-json\/wp\/v2\/pages"}],"about":[{"href":"https:\/\/xp-engineering.de\/index.php\/wp-json\/wp\/v2\/types\/page"}],"author":[{"embeddable":true,"href":"https:\/\/xp-engineering.de\/index.php\/wp-json\/wp\/v2\/users\/5"}],"replies":[{"embeddable":true,"href":"https:\/\/xp-engineering.de\/index.php\/wp-json\/wp\/v2\/comments?post=819"}],"version-history":[{"count":18,"href":"https:\/\/xp-engineering.de\/index.php\/wp-json\/wp\/v2\/pages\/819\/revisions"}],"predecessor-version":[{"id":1091,"href":"https:\/\/xp-engineering.de\/index.php\/wp-json\/wp\/v2\/pages\/819\/revisions\/1091"}],"wp:attachment":[{"href":"https:\/\/xp-engineering.de\/index.php\/wp-json\/wp\/v2\/media?parent=819"}],"curies":[{"name":"wp","href":"https:\/\/api.w.org\/{rel}","templated":true}]}}